{"id":2855,"date":"2022-08-24T14:24:25","date_gmt":"2022-08-24T14:24:25","guid":{"rendered":"https:\/\/tresoramschottentor.at\/index.php\/impressum\/"},"modified":"2024-07-30T08:22:23","modified_gmt":"2024-07-30T08:22:23","slug":"imprint","status":"publish","type":"page","link":"https:\/\/tresoramschottentor.at\/en\/imprint\/","title":{"rendered":"Impressum"},"content":{"rendered":"\t\t<div data-elementor-type=\"wp-page\" data-elementor-id=\"2855\" class=\"elementor elementor-2855 elementor-1491\">\n\t\t\t\t<div class=\"elementor-element elementor-element-52121c0 e-flex e-con-boxed e-con e-parent\" data-id=\"52121c0\" data-element_type=\"container\" data-e-type=\"container\" data-settings=\"{&quot;background_background&quot;:&quot;classic&quot;}\">\n\t\t\t\t\t<div class=\"e-con-inner\">\n\t\t<div class=\"elementor-element elementor-element-7f075dc e-flex e-con-boxed e-con e-child\" data-id=\"7f075dc\" data-element_type=\"container\" data-e-type=\"container\">\n\t\t\t\t\t<div class=\"e-con-inner\">\n\t\t\t\t<div class=\"elementor-element elementor-element-bd3d4b4 elementor-widget__width-inherit elementor-widget elementor-widget-heading\" data-id=\"bd3d4b4\" data-element_type=\"widget\" data-e-type=\"widget\" data-widget_type=\"heading.default\">\n\t\t\t\t<div class=\"elementor-widget-container\">\n\t\t\t\t\t<h1 class=\"elementor-heading-title elementor-size-default\">Imprint<\/h1>\t\t\t\t<\/div>\n\t\t\t\t<\/div>\n\t\t\t\t<div class=\"elementor-element elementor-element-91083c7 elementor-widget__width-inherit elementor-widget elementor-widget-heading\" data-id=\"91083c7\" data-element_type=\"widget\" data-e-type=\"widget\" data-widget_type=\"heading.default\">\n\t\t\t\t<div class=\"elementor-widget-container\">\n\t\t\t\t\t<h2 class=\"elementor-heading-title elementor-size-default\">Of the most secure 24\/7 safe in Vienna<\/h2>\t\t\t\t<\/div>\n\t\t\t\t<\/div>\n\t\t\t\t<div class=\"elementor-element elementor-element-db08359 elementor-widget elementor-widget-text-editor\" data-id=\"db08359\" data-element_type=\"widget\" data-e-type=\"widget\" data-widget_type=\"text-editor.default\">\n\t\t\t\t<div class=\"elementor-widget-container\">\n\t\t\t\t\t\t\t\t\t<p>24h Safe GmbH<br \/>Hermann Gebauer Strasse 22a<br \/>1220 Wien<\/p>\n<\/p>\n<p>&#8220;Tresor am Schottentor&#8221; ist eine Marke der 24h Safe GmbH<\/p>\n<\/p>\n<p>Tel.: <a href=\"tel:06642533587\" rel=\"noopener\">+43 1 25038 700<\/a><br \/>Mail: <a title=\"mailto:info@tresoramschottentor.at\" href=\"mailto:info@tresoramschottentor.at\" rel=\"noopener\">info@tresoramschottentor.at<\/a><br \/>Website: <a target=\"www.tresoramschottentor.at\" rel=\"noopener\">www.tresoramschottentor.at<\/a><\/p>\n<\/p>\n<p><strong>Sitz und Standort der Gewerbeberechtigung:<\/strong><br \/>Schottenring 2-6<br \/>1010 Wien<\/p>\n<\/p>\n<p><strong>Firmenbuch-Nummer:<\/strong><br \/>FN 536312w (Handelsgericht Wien)<\/p>\n<\/p>\n<p><strong>UID<\/strong><strong>-Nummer:<\/strong><br \/>ATU75799423<\/p>\n<\/p>\n<p>Angaben nach E-Commerce-Gesetz und Mediengesetz:<br \/>Gegenstand des Unternehmens die Vermietung von Schlie\u00dff\u00e4chern und Tresoren.<\/p>\n<\/p>\n<p>Mitglied der Wirtschaftskammer Wien, Fachgruppe<\/p>\n<\/p>\n<p><strong>Aufsichts-\/Gewerbebeh\u00f6rde:<\/strong><br \/>Magistrat der Stadt Wien<\/p>\n<\/p>\n<p><strong>Anwendbare Rechtsvorschrift:<\/strong><br \/>Gewerbeordnung 1994, Bankwesengesetz (<a href=\"https:\/\/www.ris.bka.gv.at\/\" target=\"_blank\" rel=\"noreferrer noopener\">https:\/\/www.ris.bka.gv.at\/<\/a>)<\/p>\n<\/p>\n<p>Diese Website der 24h Safe GmbH ist ein Kommunikationsmedium und richtet sich an Vertragspartner sowie sonstige interessierte Personen. Themen sind die Pr\u00e4sentationen der 24h Safe GmbH sowie Informationen zu ihren Produkten und Dienstleistungen, Marktentwicklungen und Veranstaltungen.<\/p>\n<\/p>\n<p><strong>Urheberrecht:<\/strong><br \/>S\u00e4mtliche Inhalte dieser Website sind urheberrechtlich gesch\u00fctzt und nur f\u00fcr den pers\u00f6nlichen Gebrauch bestimmt. Jede den Bestimmungen des Urheberrechtsgesetzes widersprechende Nutzung von Inhalten dieser Website ohne ausdr\u00fcckliche vorherige Zustimmung der Rechteinhaber ist untersagt. Insbesondere gilt: Das Kopieren oder Reproduzieren der gesamten Website bzw. auch von Teilbereichen dieser Website werden nur zum Zweck gestattet, die im Zusammenhang mit einer Bestellung bei 24h Safe GmbH stehen, oder zu dem Zweck, diese Website als Ein- oder Verkaufsm\u00f6glichkeit zu verwenden. Eine Vervielf\u00e4ltigung oder Verwendung von Grafiken, Bildern und Texten in anderen elektronischen oder gedruckten Publikationen ist ohne ausdr\u00fcckliche Zustimmung des Autors nicht gestattet.<\/p>\n<\/p>\n<p>Fotos \/ Bilder:<br \/>iStock, Shutterstock<\/p>\n<\/p>\n<p><strong>Alternative Streitbeilegung:<\/strong><\/p>\n<p>Die Europ\u00e4ische Kommission stellt unter <a href=\"https:\/\/ec.europa.eu\/consumers\/odr\" target=\"_blank\" rel=\"noreferrer noopener\">ec.europa.eu\/consumers\/odr<\/a> eine Plattform zur au\u00dfergerichtlichen, alternativen Online-Streitbeilegung bereit (sog. \u201eOS-Plattform\u201c nach ODR-VO \/ Verbraucherstreitbeilegungsgesetz VSBG).<\/p>\n<\/p>\n<p>24h Safe GmbH ist zur Teilnahme an einem Streitbeilegungsverfahren vor einer Verbraucherschlichtungsstelle nicht verpflichtet und wird daran auch nicht teilnehmen<\/p>\n\t\t\t\t\t\t\t\t<\/div>\n\t\t\t\t<\/div>\n\t\t\t\t\t<\/div>\n\t\t\t\t<\/div>\n\t\t\t\t\t<\/div>\n\t\t\t\t<\/div>\n\t\t\t\t<\/div>\n\t\t","protected":false},"excerpt":{"rendered":"<p>Imprint Of the most secure 24\/7 safe in Vienna 24h Safe GmbHHermann Gebauer Strasse 22a1220 Wien &#8220;Tresor am Schottentor&#8221; ist eine Marke der 24h Safe GmbH Tel.: +43 1 25038 700Mail: info@tresoramschottentor.atWebsite: www.tresoramschottentor.at Sitz und Standort der Gewerbeberechtigung:Schottenring 2-61010 Wien Firmenbuch-Nummer:FN 536312w (Handelsgericht Wien) UID-Nummer:ATU75799423 Angaben nach E-Commerce-Gesetz und Mediengesetz:Gegenstand des Unternehmens die Vermietung von [&hellip;]<\/p>\n","protected":false},"author":2,"featured_media":0,"parent":0,"menu_order":0,"comment_status":"closed","ping_status":"closed","template":"","meta":{"om_disable_all_campaigns":false,"footnotes":""},"class_list":["post-2855","page","type-page","status-publish","hentry"],"blocksy_meta":{"page_title_panel":"","has_hero_section":"disabled","3a591669c17ecbe5ad9620896e1211bd":"","hero_section":"type-1","hero_elements":[{"id":"custom_title","enabled":true,"heading_tag":"h1","title":"Home"},{"id":"custom_description","enabled":true,"description_visibility":{"desktop":true,"tablet":true,"mobile":false}},{"id":"custom_meta","enabled":false,"meta_elements":[{"id":"author","enabled":true,"label":"By","has_author_avatar":"yes","avatar_size":25},{"id":"post_date","enabled":true,"label":"On","date_format_source":"default","date_format":"M j, Y"},{"id":"updated_date","enabled":false,"label":"On","date_format_source":"default","date_format":"M j, Y"},{"id":"categories","enabled":false,"label":"In","style":"simple"},{"id":"comments","enabled":true}],"page_meta_elements":{"joined":true,"articles_count":true,"comments":true}},{"id":"breadcrumbs","enabled":false}],"f5f2ba01ee359499f32ab5c653bb37ae":"","hero_alignment1":"CT_CSS_SKIP_RULE","hero_margin":40,"hero_alignment2":"center","hero_vertical_alignment":"center","26df382601c89d835b317d28c4181d5c":"","hero_structure":"narrow","e8d1a46f9f1093303dae3e32eed4ca12":"","page_title_bg_type":"featured_image","custom_hero_background":{"attachment_id":null},"page_title_image_size":"full","parallax":{"desktop":false,"tablet":false,"mobile":false},"c91b04957ac05d0f4b1f79196a104b0b":"","hero_height":"250px","pageTitleFont":{"family":"Default","variation":"Default","size":"30px","line-height":"CT_CSS_SKIP_RULE","letter-spacing":"CT_CSS_SKIP_RULE","text-transform":"CT_CSS_SKIP_RULE","text-decoration":"CT_CSS_SKIP_RULE"},"pageTitleFontColor":{"default":{"color":"CT_CSS_SKIP_RULEDEFAULT"}},"pageMetaFont":{"family":"Default","variation":"n6","size":"12px","line-height":"1.3","letter-spacing":"CT_CSS_SKIP_RULE","text-transform":"uppercase","text-decoration":"CT_CSS_SKIP_RULE"},"pageMetaFontColor":{"default":{"color":"CT_CSS_SKIP_RULEDEFAULT"},"hover":{"color":"CT_CSS_SKIP_RULEDEFAULT"}},"page_meta_button_type_font_colors":{"default":{"color":"CT_CSS_SKIP_RULEDEFAULT"},"hover":{"color":"CT_CSS_SKIP_RULEDEFAULT"}},"page_meta_button_type_background_colors":{"default":{"color":"CT_CSS_SKIP_RULEDEFAULT"},"hover":{"color":"CT_CSS_SKIP_RULEDEFAULT"}},"pageExcerptFont":{"family":"Default","variation":"Default","size":"CT_CSS_SKIP_RULE","line-height":"CT_CSS_SKIP_RULE","letter-spacing":"CT_CSS_SKIP_RULE","text-transform":"CT_CSS_SKIP_RULE","text-decoration":"CT_CSS_SKIP_RULE"},"pageExcerptColor":{"default":{"color":"CT_CSS_SKIP_RULEDEFAULT"}},"breadcrumbsFont":{"family":"Default","variation":"Default","size":"CT_CSS_SKIP_RULE","line-height":"CT_CSS_SKIP_RULE","letter-spacing":"CT_CSS_SKIP_RULE","text-transform":"CT_CSS_SKIP_RULE","text-decoration":"CT_CSS_SKIP_RULE"},"breadcrumbsFontColor":{"default":{"color":"CT_CSS_SKIP_RULEDEFAULT"},"initial":{"color":"CT_CSS_SKIP_RULEDEFAULT"},"hover":{"color":"CT_CSS_SKIP_RULEDEFAULT"}},"pageTitleOverlay":{"background_type":"color","background_pattern":"type-1","background_image":{"attachment_id":null,"x":0,"y":0},"gradient":"linear-gradient(135deg,rgba(6,147,227,1) 0%,rgb(155,81,224) 100%)","background_repeat":"repeat","background_size":"auto","background_attachment":"scroll","patternColor":{"default":{"color":"#e5e7ea"}},"overlayColor":{"default":{"color":"CT_CSS_SKIP_RULE"}},"backgroundColor":{"default":{"color":"CT_CSS_SKIP_RULE"}}},"pageTitleBackground":{"background_type":"color","background_pattern":"type-1","background_image":{"attachment_id":null,"x":0,"y":0},"gradient":"linear-gradient(135deg,rgba(6,147,227,1) 0%,rgb(155,81,224) 100%)","background_repeat":"repeat","background_size":"auto","background_attachment":"scroll","patternColor":{"default":{"color":"#e5e7ea"}},"overlayColor":{"default":{"color":"CT_CSS_SKIP_RULE"}},"backgroundColor":{"default":{"color":"var(--theme-palette-color-6)"}}},"pageTitlePadding":{"top":"50px","bottom":"50px","left":"auto","right":"auto","linked":true},"576686a59b9e7267bd2d8fec0d8fe65a":"","page_structure_type":"default","f7b63f64a17c8968a763323238a09c39":"","content_style_source":"inherit","content_style":"wide","vertical_spacing_source":"custom","content_area_spacing":"none","background":{"background_type":"color","background_pattern":"type-1","background_image":{"attachment_id":null,"x":0,"y":0},"gradient":"linear-gradient(135deg,rgba(6,147,227,1) 0%,rgb(155,81,224) 100%)","background_repeat":"repeat","background_size":"auto","background_attachment":"scroll","patternColor":{"default":{"color":"#e5e7ea"}},"overlayColor":{"default":{"color":"CT_CSS_SKIP_RULE"}},"backgroundColor":{"default":{"color":"CT_CSS_SKIP_RULE"}}},"content_background":{"background_type":"color","background_pattern":"type-1","background_image":{"attachment_id":null,"x":0,"y":0},"gradient":"linear-gradient(135deg,rgba(6,147,227,1) 0%,rgb(155,81,224) 100%)","background_repeat":"repeat","background_size":"auto","background_attachment":"scroll","patternColor":{"default":{"color":"#e5e7ea"}},"overlayColor":{"default":{"color":"CT_CSS_SKIP_RULE"}},"backgroundColor":{"default":{"color":"var(--theme-palette-color-8)"}}},"content_boxed_shadow":{"inherit":false,"blur":18,"spread":-6,"v_offset":12,"h_offset":0,"inset":false,"enable":true,"color":{"color":"rgba(34, 56, 101, 0.04)"}},"content_boxed_border":{"width":1,"style":"none","color":{"color":"rgba(44,62,80,0.2)"}},"content_boxed_radius":{"top":"3px","bottom":"3px","left":"3px","right":"3px","linked":true},"boxed_content_spacing":{"desktop":{"top":"40px","bottom":"40px","left":"40px","right":"40px","linked":true},"tablet":{"top":"35px","bottom":"35px","left":"35px","right":"35px","linked":true},"mobile":{"top":"20px","bottom":"20px","left":"20px","right":"20px","linked":true}},"6454d985ee384fc436d23b0f5e1a2159":"","disable_featured_image":"no","disable_share_box":"no","disable_header":"no","disable_footer":"no","styles_descriptor":{"styles":{"desktop":"","tablet":"","mobile":""},"google_fonts":[],"version":6}},"yoast_head":"<!-- This site is optimized with the Yoast SEO plugin v27.4 - https:\/\/yoast.com\/product\/yoast-seo-wordpress\/ -->\n<title>Imprint Tresor am Schottentor. Most secure safe in Vienna<\/title>\n<meta name=\"description\" content=\"Imprint Tresor am Schottentor. The secure &amp; bank-independent safe deposit box with 24\/7 access in Vienna. 24h Safe GmbH, Vienna.\" \/>\n<meta name=\"robots\" content=\"index, follow, max-snippet:-1, max-image-preview:large, max-video-preview:-1\" \/>\n<link rel=\"canonical\" href=\"https:\/\/tresoramschottentor.at\/impressum\/\" \/>\n<meta property=\"og:locale\" content=\"en_US\" \/>\n<meta property=\"og:type\" content=\"article\" \/>\n<meta property=\"og:title\" content=\"Imprint Tresor am Schottentor. Most secure safe in Vienna\" \/>\n<meta property=\"og:description\" content=\"Imprint Tresor am Schottentor. The secure &amp; bank-independent safe deposit box with 24\/7 access in Vienna. 24h Safe GmbH, Vienna.\" \/>\n<meta property=\"og:url\" content=\"https:\/\/tresoramschottentor.at\/impressum\/\" \/>\n<meta property=\"og:site_name\" content=\"Tresor am Schottentor\" \/>\n<meta property=\"article:publisher\" content=\"https:\/\/www.facebook.com\/tresoramschottentor\" \/>\n<meta property=\"article:modified_time\" content=\"2024-07-30T08:22:23+00:00\" \/>\n<meta property=\"og:image\" content=\"https:\/\/tresoramschottentor.at\/wp-content\/uploads\/2022\/08\/csm__DSC6847_5110e8b3c5.jpg.jpg\" \/>\n\t<meta property=\"og:image:width\" content=\"991\" \/>\n\t<meta property=\"og:image:height\" content=\"661\" \/>\n\t<meta property=\"og:image:type\" content=\"image\/jpeg\" \/>\n<meta name=\"twitter:card\" content=\"summary_large_image\" \/>\n<meta name=\"twitter:label1\" content=\"Est. reading time\" \/>\n\t<meta name=\"twitter:data1\" content=\"2 minutes\" \/>\n<script type=\"application\/ld+json\" class=\"yoast-schema-graph\">{\"@context\":\"https:\\\/\\\/schema.org\",\"@graph\":[{\"@type\":\"WebPage\",\"@id\":\"https:\\\/\\\/tresoramschottentor.at\\\/impressum\\\/\",\"url\":\"https:\\\/\\\/tresoramschottentor.at\\\/impressum\\\/\",\"name\":\"Imprint Tresor am Schottentor. Most secure safe in Vienna\",\"isPartOf\":{\"@id\":\"https:\\\/\\\/tresoramschottentor.at\\\/#website\"},\"datePublished\":\"2022-08-24T14:24:25+00:00\",\"dateModified\":\"2024-07-30T08:22:23+00:00\",\"description\":\"Imprint Tresor am Schottentor. The secure & bank-independent safe deposit box with 24\\\/7 access in Vienna. 24h Safe GmbH, Vienna.\",\"breadcrumb\":{\"@id\":\"https:\\\/\\\/tresoramschottentor.at\\\/impressum\\\/#breadcrumb\"},\"inLanguage\":\"en-US\",\"potentialAction\":[{\"@type\":\"ReadAction\",\"target\":[\"https:\\\/\\\/tresoramschottentor.at\\\/impressum\\\/\"]}]},{\"@type\":\"BreadcrumbList\",\"@id\":\"https:\\\/\\\/tresoramschottentor.at\\\/impressum\\\/#breadcrumb\",\"itemListElement\":[{\"@type\":\"ListItem\",\"position\":1,\"name\":\"Startseite\",\"item\":\"https:\\\/\\\/tresoramschottentor.at\\\/en\\\/\"},{\"@type\":\"ListItem\",\"position\":2,\"name\":\"Impressum\"}]},{\"@type\":\"WebSite\",\"@id\":\"https:\\\/\\\/tresoramschottentor.at\\\/#website\",\"url\":\"https:\\\/\\\/tresoramschottentor.at\\\/\",\"name\":\"Schlie\u00dffach mieten 24\\\/7 Zutritt Tresor am Schottentor Wien\",\"description\":\"Sicheres Schlie\u00dffach mieten in Wien\",\"publisher\":{\"@id\":\"https:\\\/\\\/tresoramschottentor.at\\\/#organization\"},\"potentialAction\":[{\"@type\":\"SearchAction\",\"target\":{\"@type\":\"EntryPoint\",\"urlTemplate\":\"https:\\\/\\\/tresoramschottentor.at\\\/?s={search_term_string}\"},\"query-input\":{\"@type\":\"PropertyValueSpecification\",\"valueRequired\":true,\"valueName\":\"search_term_string\"}}],\"inLanguage\":\"en-US\"},{\"@type\":\"Organization\",\"@id\":\"https:\\\/\\\/tresoramschottentor.at\\\/#organization\",\"name\":\"Tresor am Schottentor\",\"alternateName\":\"24H Safe GmbH\",\"url\":\"https:\\\/\\\/tresoramschottentor.at\\\/\",\"logo\":{\"@type\":\"ImageObject\",\"inLanguage\":\"en-US\",\"@id\":\"https:\\\/\\\/tresoramschottentor.at\\\/#\\\/schema\\\/logo\\\/image\\\/\",\"url\":\"https:\\\/\\\/tresoramschottentor.at\\\/wp-content\\\/uploads\\\/2022\\\/09\\\/tresor_am_schottentor_klein.jpg\",\"contentUrl\":\"https:\\\/\\\/tresoramschottentor.at\\\/wp-content\\\/uploads\\\/2022\\\/09\\\/tresor_am_schottentor_klein.jpg\",\"width\":2338,\"height\":2338,\"caption\":\"Tresor am Schottentor\"},\"image\":{\"@id\":\"https:\\\/\\\/tresoramschottentor.at\\\/#\\\/schema\\\/logo\\\/image\\\/\"},\"sameAs\":[\"https:\\\/\\\/www.facebook.com\\\/tresoramschottentor\",\"https:\\\/\\\/www.linkedin.com\\\/company\\\/tresor-am-schottentor\\\/\",\"https:\\\/\\\/www.instagram.com\\\/tresoramschottentor\\\/\"]}]}<\/script>\n<!-- \/ Yoast SEO plugin. -->","yoast_head_json":{"title":"Imprint Tresor am Schottentor. Most secure safe in Vienna","description":"Imprint Tresor am Schottentor. The secure & bank-independent safe deposit box with 24\/7 access in Vienna. 24h Safe GmbH, Vienna.","robots":{"index":"index","follow":"follow","max-snippet":"max-snippet:-1","max-image-preview":"max-image-preview:large","max-video-preview":"max-video-preview:-1"},"canonical":"https:\/\/tresoramschottentor.at\/impressum\/","og_locale":"en_US","og_type":"article","og_title":"Imprint Tresor am Schottentor. Most secure safe in Vienna","og_description":"Imprint Tresor am Schottentor. The secure & bank-independent safe deposit box with 24\/7 access in Vienna. 24h Safe GmbH, Vienna.","og_url":"https:\/\/tresoramschottentor.at\/impressum\/","og_site_name":"Tresor am Schottentor","article_publisher":"https:\/\/www.facebook.com\/tresoramschottentor","article_modified_time":"2024-07-30T08:22:23+00:00","og_image":[{"width":991,"height":661,"url":"https:\/\/tresoramschottentor.at\/wp-content\/uploads\/2022\/08\/csm__DSC6847_5110e8b3c5.jpg.jpg","type":"image\/jpeg"}],"twitter_card":"summary_large_image","twitter_misc":{"Est. reading time":"2 minutes"},"schema":{"@context":"https:\/\/schema.org","@graph":[{"@type":"WebPage","@id":"https:\/\/tresoramschottentor.at\/impressum\/","url":"https:\/\/tresoramschottentor.at\/impressum\/","name":"Imprint Tresor am Schottentor. Most secure safe in Vienna","isPartOf":{"@id":"https:\/\/tresoramschottentor.at\/#website"},"datePublished":"2022-08-24T14:24:25+00:00","dateModified":"2024-07-30T08:22:23+00:00","description":"Imprint Tresor am Schottentor. The secure & bank-independent safe deposit box with 24\/7 access in Vienna. 24h Safe GmbH, Vienna.","breadcrumb":{"@id":"https:\/\/tresoramschottentor.at\/impressum\/#breadcrumb"},"inLanguage":"en-US","potentialAction":[{"@type":"ReadAction","target":["https:\/\/tresoramschottentor.at\/impressum\/"]}]},{"@type":"BreadcrumbList","@id":"https:\/\/tresoramschottentor.at\/impressum\/#breadcrumb","itemListElement":[{"@type":"ListItem","position":1,"name":"Startseite","item":"https:\/\/tresoramschottentor.at\/en\/"},{"@type":"ListItem","position":2,"name":"Impressum"}]},{"@type":"WebSite","@id":"https:\/\/tresoramschottentor.at\/#website","url":"https:\/\/tresoramschottentor.at\/","name":"Schlie\u00dffach mieten 24\/7 Zutritt Tresor am Schottentor Wien","description":"Sicheres Schlie\u00dffach mieten in Wien","publisher":{"@id":"https:\/\/tresoramschottentor.at\/#organization"},"potentialAction":[{"@type":"SearchAction","target":{"@type":"EntryPoint","urlTemplate":"https:\/\/tresoramschottentor.at\/?s={search_term_string}"},"query-input":{"@type":"PropertyValueSpecification","valueRequired":true,"valueName":"search_term_string"}}],"inLanguage":"en-US"},{"@type":"Organization","@id":"https:\/\/tresoramschottentor.at\/#organization","name":"Tresor am Schottentor","alternateName":"24H Safe GmbH","url":"https:\/\/tresoramschottentor.at\/","logo":{"@type":"ImageObject","inLanguage":"en-US","@id":"https:\/\/tresoramschottentor.at\/#\/schema\/logo\/image\/","url":"https:\/\/tresoramschottentor.at\/wp-content\/uploads\/2022\/09\/tresor_am_schottentor_klein.jpg","contentUrl":"https:\/\/tresoramschottentor.at\/wp-content\/uploads\/2022\/09\/tresor_am_schottentor_klein.jpg","width":2338,"height":2338,"caption":"Tresor am Schottentor"},"image":{"@id":"https:\/\/tresoramschottentor.at\/#\/schema\/logo\/image\/"},"sameAs":["https:\/\/www.facebook.com\/tresoramschottentor","https:\/\/www.linkedin.com\/company\/tresor-am-schottentor\/","https:\/\/www.instagram.com\/tresoramschottentor\/"]}]}},"_links":{"self":[{"href":"https:\/\/tresoramschottentor.at\/en\/wp-json\/wp\/v2\/pages\/2855","targetHints":{"allow":["GET"]}}],"collection":[{"href":"https:\/\/tresoramschottentor.at\/en\/wp-json\/wp\/v2\/pages"}],"about":[{"href":"https:\/\/tresoramschottentor.at\/en\/wp-json\/wp\/v2\/types\/page"}],"author":[{"embeddable":true,"href":"https:\/\/tresoramschottentor.at\/en\/wp-json\/wp\/v2\/users\/2"}],"replies":[{"embeddable":true,"href":"https:\/\/tresoramschottentor.at\/en\/wp-json\/wp\/v2\/comments?post=2855"}],"version-history":[{"count":0,"href":"https:\/\/tresoramschottentor.at\/en\/wp-json\/wp\/v2\/pages\/2855\/revisions"}],"wp:attachment":[{"href":"https:\/\/tresoramschottentor.at\/en\/wp-json\/wp\/v2\/media?parent=2855"}],"curies":[{"name":"wp","href":"https:\/\/api.w.org\/{rel}","templated":true}]}}