{"id":2874,"date":"2022-08-17T19:40:43","date_gmt":"2022-08-17T19:40:43","guid":{"rendered":"https:\/\/tresoramschottentor.at\/index.php\/schliesfach-mieten\/"},"modified":"2025-02-19T09:02:53","modified_gmt":"2025-02-19T09:02:53","slug":"rent-a-safe-deposit-box","status":"publish","type":"page","link":"https:\/\/tresoramschottentor.at\/en\/rent-a-safe-deposit-box\/","title":{"rendered":"Rent a Safe Deposit Box"},"content":{"rendered":"\t\t<div data-elementor-type=\"wp-page\" data-elementor-id=\"2874\" class=\"elementor elementor-2874 elementor-1324\">\n\t\t\t\t<div class=\"elementor-element elementor-element-cb059a0 e-flex e-con-boxed e-con e-parent\" data-id=\"cb059a0\" data-element_type=\"container\" data-e-type=\"container\" data-settings=\"{&quot;background_background&quot;:&quot;slideshow&quot;,&quot;background_slideshow_gallery&quot;:[{&quot;id&quot;:5419,&quot;url&quot;:&quot;https:\\\/\\\/tresoramschottentor.at\\\/wp-content\\\/uploads\\\/2024\\\/12\\\/DSC4638-scaled.jpg&quot;},{&quot;id&quot;:5425,&quot;url&quot;:&quot;https:\\\/\\\/tresoramschottentor.at\\\/wp-content\\\/uploads\\\/2024\\\/12\\\/DSC5981-1-scaled.jpg&quot;}],&quot;background_slideshow_lazyload&quot;:&quot;yes&quot;,&quot;background_slideshow_loop&quot;:&quot;yes&quot;,&quot;background_slideshow_slide_duration&quot;:5000,&quot;background_slideshow_slide_transition&quot;:&quot;fade&quot;,&quot;background_slideshow_transition_duration&quot;:500}\">\n\t\t\t\t\t<div class=\"e-con-inner\">\n\t\t\t\t<div class=\"elementor-element elementor-element-ca7c8cc elementor-widget elementor-widget-html\" data-id=\"ca7c8cc\" data-element_type=\"widget\" data-e-type=\"widget\" data-widget_type=\"html.default\">\n\t\t\t\t<div class=\"elementor-widget-container\">\n\t\t\t\t\t<!-- Google tag (gtag.js) -->\n<script async=\"\" src=\"https:\/\/www.googletagmanager.com\/gtag\/js?id=AW-354425898\"><\/script>\n<script>\n  window.dataLayer = window.dataLayer || [];\n  function gtag(){dataLayer.push(arguments);}\n  gtag('js', new Date());\n\n  gtag('config', 'AW-354425898');\n<\/script>\t\t\t\t<\/div>\n\t\t\t\t<\/div>\n\t\t\t\t\t<\/div>\n\t\t\t\t<\/div>\n\t\t<div class=\"elementor-element elementor-element-9d0b8dc e-flex e-con-boxed e-con e-parent\" data-id=\"9d0b8dc\" data-element_type=\"container\" data-e-type=\"container\" data-settings=\"{&quot;background_background&quot;:&quot;classic&quot;}\">\n\t\t\t\t\t<div class=\"e-con-inner\">\n\t\t\t\t<div class=\"elementor-element elementor-element-4c62849 elementor-widget__width-initial elementor-widget elementor-widget-heading\" data-id=\"4c62849\" data-element_type=\"widget\" data-e-type=\"widget\" data-widget_type=\"heading.default\">\n\t\t\t\t<div class=\"elementor-widget-container\">\n\t\t\t\t\t<h2 class=\"elementor-heading-title elementor-size-default\">Renting a safe deposit box at Tresor am Schottentor<\/h2>\t\t\t\t<\/div>\n\t\t\t\t<\/div>\n\t\t\t\t<div class=\"elementor-element elementor-element-86c612e elementor-widget__width-initial elementor-widget elementor-widget-text-editor\" data-id=\"86c612e\" data-element_type=\"widget\" data-e-type=\"widget\" data-widget_type=\"text-editor.default\">\n\t\t\t\t<div class=\"elementor-widget-container\">\n\t\t\t\t\t\t\t\t\t<p>Let us show you how easy it can be to rent a safe deposit box at Tresor am Schottentor<\/p><ol style=\"text-align: left;\"><li>Schedule a free appointment with us (Online or via telephone)<\/li><li>Visit us at Tresor am Schottentor and see our safe deposit boxes and modern security system for yourself<\/li><li>Sign a rental contract for a safe deposit box<\/li><li>Receive personal instructions how to access your safe deposit box<\/li><\/ol><p>\u2026finished! You have immediate 24\/7 access to your personal safe deposit box at Tresor am Schottentor. Use it whenever and how often you want.<\/p>\t\t\t\t\t\t\t\t<\/div>\n\t\t\t\t<\/div>\n\t\t\t\t\t<\/div>\n\t\t\t\t<\/div>\n\t\t<div class=\"elementor-element elementor-element-52121c0 e-flex e-con-boxed e-con e-parent\" data-id=\"52121c0\" data-element_type=\"container\" data-e-type=\"container\" id=\"booking\" data-settings=\"{&quot;background_background&quot;:&quot;classic&quot;}\">\n\t\t\t\t\t<div class=\"e-con-inner\">\n\t\t<div class=\"elementor-element elementor-element-7f075dc e-flex e-con-boxed e-con e-child\" data-id=\"7f075dc\" data-element_type=\"container\" data-e-type=\"container\">\n\t\t\t\t\t<div class=\"e-con-inner\">\n\t\t\t\t<div class=\"elementor-element elementor-element-7b271ca elementor-widget__width-inherit elementor-widget elementor-widget-heading\" data-id=\"7b271ca\" data-element_type=\"widget\" data-e-type=\"widget\" data-widget_type=\"heading.default\">\n\t\t\t\t<div class=\"elementor-widget-container\">\n\t\t\t\t\t<h2 class=\"elementor-heading-title elementor-size-default\"><b>Information regarding your appointment at Tresor am Schottentor<\/b><\/h2>\t\t\t\t<\/div>\n\t\t\t\t<\/div>\n\t\t\t\t\t<\/div>\n\t\t\t\t<\/div>\n\t\t<div class=\"elementor-element elementor-element-0116d91 e-con-full e-flex e-con e-child\" data-id=\"0116d91\" data-element_type=\"container\" data-e-type=\"container\">\n\t\t\t\t<div class=\"elementor-element elementor-element-7430108 elementor-widget__width-inherit elementor-widget elementor-widget-text-editor\" data-id=\"7430108\" data-element_type=\"widget\" data-e-type=\"widget\" data-widget_type=\"text-editor.default\">\n\t\t\t\t<div class=\"elementor-widget-container\">\n\t\t\t\t\t\t\t\t\t<p>This is a non-binding appointment at Tresor am Schottentor and gives you an opportunity to see our premises, meet our staff and learn about our fully-automated safe deposit box servicer. See for yourself how easy and convenient renting a safe deposit box at Tresor am Schottentor can be. We can assist you with everything from choosing a proper safe deposit box size to completing the rental agreement. Please bring proper identification documents if you want to sign-up right away.<\/p>\t\t\t\t\t\t\t\t<\/div>\n\t\t\t\t<\/div>\n\t\t\t\t<\/div>\n\t\t\t\t<div class=\"elementor-element elementor-element-9a7ff00 elementor-widget__width-inherit elementor-widget elementor-widget-html\" data-id=\"9a7ff00\" data-element_type=\"widget\" data-e-type=\"widget\" id=\"book-a-session\" data-widget_type=\"html.default\">\n\t\t\t\t<div class=\"elementor-widget-container\">\n\t\t\t\t\t<iframe src=\"https:\/\/outlook.office365.com\/owa\/calendar\/Tresoramschottentor@tresoramschottentor.at\/bookings\/\" width=\"100%\" height=\"1700\" scrolling=\"auto\" style=\"border:0;\"><\/iframe>\t\t\t\t<\/div>\n\t\t\t\t<\/div>\n\t\t\t\t\t<\/div>\n\t\t\t\t<\/div>\n\t\t\t\t<\/div>\n\t\t","protected":false},"excerpt":{"rendered":"<p>Renting a safe deposit box at Tresor am Schottentor Let us show you how easy it can be to rent a safe deposit box at Tresor am Schottentor Schedule a free appointment with us (Online or via telephone) Visit us at Tresor am Schottentor and see our safe deposit boxes and modern security system for [&hellip;]<\/p>\n","protected":false},"author":2,"featured_media":3952,"parent":0,"menu_order":0,"comment_status":"closed","ping_status":"closed","template":"","meta":{"om_disable_all_campaigns":false,"footnotes":""},"class_list":["post-2874","page","type-page","status-publish","has-post-thumbnail","hentry"],"blocksy_meta":{"page_title_panel":"","has_hero_section":"disabled","3a591669c17ecbe5ad9620896e1211bd":"","hero_section":"type-1","hero_elements":[{"id":"custom_title","enabled":true,"heading_tag":"h1","title":"Home"},{"id":"custom_description","enabled":true,"description_visibility":{"desktop":true,"tablet":true,"mobile":false}},{"id":"custom_meta","enabled":false,"meta_elements":[{"id":"author","enabled":true,"label":"By","has_author_avatar":"yes","avatar_size":25},{"id":"post_date","enabled":true,"label":"On","date_format_source":"default","date_format":"M j, Y"},{"id":"updated_date","enabled":false,"label":"On","date_format_source":"default","date_format":"M j, Y"},{"id":"categories","enabled":false,"label":"In","style":"simple"},{"id":"comments","enabled":true}],"page_meta_elements":{"joined":true,"articles_count":true,"comments":true}},{"id":"breadcrumbs","enabled":false}],"f5f2ba01ee359499f32ab5c653bb37ae":"","hero_alignment1":"CT_CSS_SKIP_RULE","hero_margin":40,"hero_alignment2":"center","hero_vertical_alignment":"center","26df382601c89d835b317d28c4181d5c":"","hero_structure":"narrow","e8d1a46f9f1093303dae3e32eed4ca12":"","page_title_bg_type":"featured_image","custom_hero_background":{"attachment_id":null},"page_title_image_size":"full","parallax":{"desktop":false,"tablet":false,"mobile":false},"c91b04957ac05d0f4b1f79196a104b0b":"","hero_height":"250px","pageTitleFont":{"family":"Default","variation":"Default","size":"30px","line-height":"CT_CSS_SKIP_RULE","letter-spacing":"CT_CSS_SKIP_RULE","text-transform":"CT_CSS_SKIP_RULE","text-decoration":"CT_CSS_SKIP_RULE"},"pageTitleFontColor":{"default":{"color":"CT_CSS_SKIP_RULEDEFAULT"}},"pageMetaFont":{"family":"Default","variation":"n6","size":"12px","line-height":"1.3","letter-spacing":"CT_CSS_SKIP_RULE","text-transform":"uppercase","text-decoration":"CT_CSS_SKIP_RULE"},"pageMetaFontColor":{"default":{"color":"CT_CSS_SKIP_RULEDEFAULT"},"hover":{"color":"CT_CSS_SKIP_RULEDEFAULT"}},"page_meta_button_type_font_colors":{"default":{"color":"CT_CSS_SKIP_RULEDEFAULT"},"hover":{"color":"CT_CSS_SKIP_RULEDEFAULT"}},"page_meta_button_type_background_colors":{"default":{"color":"CT_CSS_SKIP_RULEDEFAULT"},"hover":{"color":"CT_CSS_SKIP_RULEDEFAULT"}},"pageExcerptFont":{"family":"Default","variation":"Default","size":"CT_CSS_SKIP_RULE","line-height":"CT_CSS_SKIP_RULE","letter-spacing":"CT_CSS_SKIP_RULE","text-transform":"CT_CSS_SKIP_RULE","text-decoration":"CT_CSS_SKIP_RULE"},"pageExcerptColor":{"default":{"color":"CT_CSS_SKIP_RULEDEFAULT"}},"breadcrumbsFont":{"family":"Default","variation":"Default","size":"CT_CSS_SKIP_RULE","line-height":"CT_CSS_SKIP_RULE","letter-spacing":"CT_CSS_SKIP_RULE","text-transform":"CT_CSS_SKIP_RULE","text-decoration":"CT_CSS_SKIP_RULE"},"breadcrumbsFontColor":{"default":{"color":"CT_CSS_SKIP_RULEDEFAULT"},"initial":{"color":"CT_CSS_SKIP_RULEDEFAULT"},"hover":{"color":"CT_CSS_SKIP_RULEDEFAULT"}},"pageTitleOverlay":{"background_type":"color","background_pattern":"type-1","background_image":{"attachment_id":null,"x":0,"y":0},"gradient":"linear-gradient(135deg,rgba(6,147,227,1) 0%,rgb(155,81,224) 100%)","background_repeat":"repeat","background_size":"auto","background_attachment":"scroll","patternColor":{"default":{"color":"#e5e7ea"}},"overlayColor":{"default":{"color":"CT_CSS_SKIP_RULE"}},"backgroundColor":{"default":{"color":"CT_CSS_SKIP_RULE"}}},"pageTitleBackground":{"background_type":"color","background_pattern":"type-1","background_image":{"attachment_id":null,"x":0,"y":0},"gradient":"linear-gradient(135deg,rgba(6,147,227,1) 0%,rgb(155,81,224) 100%)","background_repeat":"repeat","background_size":"auto","background_attachment":"scroll","patternColor":{"default":{"color":"#e5e7ea"}},"overlayColor":{"default":{"color":"CT_CSS_SKIP_RULE"}},"backgroundColor":{"default":{"color":"var(--theme-palette-color-6)"}}},"pageTitlePadding":{"top":"50px","bottom":"50px","left":"auto","right":"auto","linked":true},"576686a59b9e7267bd2d8fec0d8fe65a":"","page_structure_type":"default","f7b63f64a17c8968a763323238a09c39":"","content_style_source":"inherit","content_style":"wide","vertical_spacing_source":"custom","content_area_spacing":"none","background":{"background_type":"color","background_pattern":"type-1","background_image":{"attachment_id":null,"x":0,"y":0},"gradient":"linear-gradient(135deg,rgba(6,147,227,1) 0%,rgb(155,81,224) 100%)","background_repeat":"repeat","background_size":"auto","background_attachment":"scroll","patternColor":{"default":{"color":"#e5e7ea"}},"overlayColor":{"default":{"color":"CT_CSS_SKIP_RULE"}},"backgroundColor":{"default":{"color":"CT_CSS_SKIP_RULE"}}},"content_background":{"background_type":"color","background_pattern":"type-1","background_image":{"attachment_id":null,"x":0,"y":0},"gradient":"linear-gradient(135deg,rgba(6,147,227,1) 0%,rgb(155,81,224) 100%)","background_repeat":"repeat","background_size":"auto","background_attachment":"scroll","patternColor":{"default":{"color":"#e5e7ea"}},"overlayColor":{"default":{"color":"CT_CSS_SKIP_RULE"}},"backgroundColor":{"default":{"color":"var(--theme-palette-color-8)"}}},"content_boxed_shadow":{"inherit":false,"blur":18,"spread":-6,"v_offset":12,"h_offset":0,"inset":false,"enable":true,"color":{"color":"rgba(34, 56, 101, 0.04)"}},"content_boxed_border":{"width":1,"style":"none","color":{"color":"rgba(44,62,80,0.2)"}},"content_boxed_radius":{"top":"3px","bottom":"3px","left":"3px","right":"3px","linked":true},"boxed_content_spacing":{"desktop":{"top":"40px","bottom":"40px","left":"40px","right":"40px","linked":true},"tablet":{"top":"35px","bottom":"35px","left":"35px","right":"35px","linked":true},"mobile":{"top":"20px","bottom":"20px","left":"20px","right":"20px","linked":true}},"6454d985ee384fc436d23b0f5e1a2159":"","disable_featured_image":"no","disable_share_box":"no","disable_header":"no","disable_footer":"no","styles_descriptor":{"styles":{"desktop":"","tablet":"","mobile":""},"google_fonts":[],"version":6}},"yoast_head":"<!-- This site is optimized with the Yoast SEO plugin v27.4 - https:\/\/yoast.com\/product\/yoast-seo-wordpress\/ -->\n<title>Best safe deposit box rental: Tresor am Schottentor Vienna<\/title>\n<meta name=\"description\" content=\"Rent a bank-independent safe deposit box. Make a non-binding appointment online &amp; benefit from 24\/7 access to a secure locker.\" \/>\n<meta name=\"robots\" content=\"index, follow, max-snippet:-1, max-image-preview:large, max-video-preview:-1\" \/>\n<link rel=\"canonical\" href=\"https:\/\/tresoramschottentor.at\/en\/rent-a-safe-deposit-box\/\" \/>\n<meta property=\"og:locale\" content=\"en_US\" \/>\n<meta property=\"og:type\" content=\"article\" \/>\n<meta property=\"og:title\" content=\"Best safe deposit box rental: Tresor am Schottentor Vienna\" \/>\n<meta property=\"og:description\" content=\"Rent a bank-independent safe deposit box. Make a non-binding appointment online &amp; benefit from 24\/7 access to a secure locker.\" \/>\n<meta property=\"og:url\" content=\"https:\/\/tresoramschottentor.at\/en\/rent-a-safe-deposit-box\/\" \/>\n<meta property=\"og:site_name\" content=\"Tresor am Schottentor\" \/>\n<meta property=\"article:publisher\" content=\"https:\/\/www.facebook.com\/tresoramschottentor\" \/>\n<meta property=\"article:modified_time\" content=\"2025-02-19T09:02:53+00:00\" \/>\n<meta property=\"og:image\" content=\"https:\/\/tresoramschottentor.at\/wp-content\/uploads\/2022\/12\/DSC6822-scaled.jpg\" \/>\n\t<meta property=\"og:image:width\" content=\"2560\" \/>\n\t<meta property=\"og:image:height\" content=\"1707\" \/>\n\t<meta property=\"og:image:type\" content=\"image\/jpeg\" \/>\n<meta name=\"twitter:card\" content=\"summary_large_image\" \/>\n<meta name=\"twitter:label1\" content=\"Est. reading time\" \/>\n\t<meta name=\"twitter:data1\" content=\"1 minute\" \/>\n<script type=\"application\/ld+json\" class=\"yoast-schema-graph\">{\"@context\":\"https:\\\/\\\/schema.org\",\"@graph\":[{\"@type\":\"WebPage\",\"@id\":\"https:\\\/\\\/tresoramschottentor.at\\\/en\\\/rent-a-safe-deposit-box\\\/\",\"url\":\"https:\\\/\\\/tresoramschottentor.at\\\/en\\\/rent-a-safe-deposit-box\\\/\",\"name\":\"Best safe deposit box rental: Tresor am Schottentor Vienna\",\"isPartOf\":{\"@id\":\"https:\\\/\\\/tresoramschottentor.at\\\/#website\"},\"primaryImageOfPage\":{\"@id\":\"https:\\\/\\\/tresoramschottentor.at\\\/en\\\/rent-a-safe-deposit-box\\\/#primaryimage\"},\"image\":{\"@id\":\"https:\\\/\\\/tresoramschottentor.at\\\/en\\\/rent-a-safe-deposit-box\\\/#primaryimage\"},\"thumbnailUrl\":\"https:\\\/\\\/tresoramschottentor.at\\\/wp-content\\\/uploads\\\/2022\\\/12\\\/DSC6822-scaled.jpg\",\"datePublished\":\"2022-08-17T19:40:43+00:00\",\"dateModified\":\"2025-02-19T09:02:53+00:00\",\"description\":\"Rent a bank-independent safe deposit box. Make a non-binding appointment online & benefit from 24\\\/7 access to a secure locker.\",\"breadcrumb\":{\"@id\":\"https:\\\/\\\/tresoramschottentor.at\\\/en\\\/rent-a-safe-deposit-box\\\/#breadcrumb\"},\"inLanguage\":\"en-US\",\"potentialAction\":[{\"@type\":\"ReadAction\",\"target\":[\"https:\\\/\\\/tresoramschottentor.at\\\/en\\\/rent-a-safe-deposit-box\\\/\"]}]},{\"@type\":\"ImageObject\",\"inLanguage\":\"en-US\",\"@id\":\"https:\\\/\\\/tresoramschottentor.at\\\/en\\\/rent-a-safe-deposit-box\\\/#primaryimage\",\"url\":\"https:\\\/\\\/tresoramschottentor.at\\\/wp-content\\\/uploads\\\/2022\\\/12\\\/DSC6822-scaled.jpg\",\"contentUrl\":\"https:\\\/\\\/tresoramschottentor.at\\\/wp-content\\\/uploads\\\/2022\\\/12\\\/DSC6822-scaled.jpg\",\"width\":2560,\"height\":1707,\"caption\":\"Das sichere Schlie\u00dffach f\u00fcr Ihre Wertgegenst\u00e4nde\"},{\"@type\":\"BreadcrumbList\",\"@id\":\"https:\\\/\\\/tresoramschottentor.at\\\/en\\\/rent-a-safe-deposit-box\\\/#breadcrumb\",\"itemListElement\":[{\"@type\":\"ListItem\",\"position\":1,\"name\":\"Startseite\",\"item\":\"https:\\\/\\\/tresoramschottentor.at\\\/en\\\/\"},{\"@type\":\"ListItem\",\"position\":2,\"name\":\"Rent a Safe Deposit Box\"}]},{\"@type\":\"WebSite\",\"@id\":\"https:\\\/\\\/tresoramschottentor.at\\\/#website\",\"url\":\"https:\\\/\\\/tresoramschottentor.at\\\/\",\"name\":\"Schlie\u00dffach mieten 24\\\/7 Zutritt Tresor am Schottentor Wien\",\"description\":\"Sicheres Schlie\u00dffach mieten in Wien\",\"publisher\":{\"@id\":\"https:\\\/\\\/tresoramschottentor.at\\\/#organization\"},\"potentialAction\":[{\"@type\":\"SearchAction\",\"target\":{\"@type\":\"EntryPoint\",\"urlTemplate\":\"https:\\\/\\\/tresoramschottentor.at\\\/?s={search_term_string}\"},\"query-input\":{\"@type\":\"PropertyValueSpecification\",\"valueRequired\":true,\"valueName\":\"search_term_string\"}}],\"inLanguage\":\"en-US\"},{\"@type\":\"Organization\",\"@id\":\"https:\\\/\\\/tresoramschottentor.at\\\/#organization\",\"name\":\"Tresor am Schottentor\",\"alternateName\":\"24H Safe GmbH\",\"url\":\"https:\\\/\\\/tresoramschottentor.at\\\/\",\"logo\":{\"@type\":\"ImageObject\",\"inLanguage\":\"en-US\",\"@id\":\"https:\\\/\\\/tresoramschottentor.at\\\/#\\\/schema\\\/logo\\\/image\\\/\",\"url\":\"https:\\\/\\\/tresoramschottentor.at\\\/wp-content\\\/uploads\\\/2022\\\/09\\\/tresor_am_schottentor_klein.jpg\",\"contentUrl\":\"https:\\\/\\\/tresoramschottentor.at\\\/wp-content\\\/uploads\\\/2022\\\/09\\\/tresor_am_schottentor_klein.jpg\",\"width\":2338,\"height\":2338,\"caption\":\"Tresor am Schottentor\"},\"image\":{\"@id\":\"https:\\\/\\\/tresoramschottentor.at\\\/#\\\/schema\\\/logo\\\/image\\\/\"},\"sameAs\":[\"https:\\\/\\\/www.facebook.com\\\/tresoramschottentor\",\"https:\\\/\\\/www.linkedin.com\\\/company\\\/tresor-am-schottentor\\\/\",\"https:\\\/\\\/www.instagram.com\\\/tresoramschottentor\\\/\"]}]}<\/script>\n<!-- \/ Yoast SEO plugin. -->","yoast_head_json":{"title":"Best safe deposit box rental: Tresor am Schottentor Vienna","description":"Rent a bank-independent safe deposit box. Make a non-binding appointment online & benefit from 24\/7 access to a secure locker.","robots":{"index":"index","follow":"follow","max-snippet":"max-snippet:-1","max-image-preview":"max-image-preview:large","max-video-preview":"max-video-preview:-1"},"canonical":"https:\/\/tresoramschottentor.at\/en\/rent-a-safe-deposit-box\/","og_locale":"en_US","og_type":"article","og_title":"Best safe deposit box rental: Tresor am Schottentor Vienna","og_description":"Rent a bank-independent safe deposit box. Make a non-binding appointment online & benefit from 24\/7 access to a secure locker.","og_url":"https:\/\/tresoramschottentor.at\/en\/rent-a-safe-deposit-box\/","og_site_name":"Tresor am Schottentor","article_publisher":"https:\/\/www.facebook.com\/tresoramschottentor","article_modified_time":"2025-02-19T09:02:53+00:00","og_image":[{"width":2560,"height":1707,"url":"https:\/\/tresoramschottentor.at\/wp-content\/uploads\/2022\/12\/DSC6822-scaled.jpg","type":"image\/jpeg"}],"twitter_card":"summary_large_image","twitter_misc":{"Est. reading time":"1 minute"},"schema":{"@context":"https:\/\/schema.org","@graph":[{"@type":"WebPage","@id":"https:\/\/tresoramschottentor.at\/en\/rent-a-safe-deposit-box\/","url":"https:\/\/tresoramschottentor.at\/en\/rent-a-safe-deposit-box\/","name":"Best safe deposit box rental: Tresor am Schottentor Vienna","isPartOf":{"@id":"https:\/\/tresoramschottentor.at\/#website"},"primaryImageOfPage":{"@id":"https:\/\/tresoramschottentor.at\/en\/rent-a-safe-deposit-box\/#primaryimage"},"image":{"@id":"https:\/\/tresoramschottentor.at\/en\/rent-a-safe-deposit-box\/#primaryimage"},"thumbnailUrl":"https:\/\/tresoramschottentor.at\/wp-content\/uploads\/2022\/12\/DSC6822-scaled.jpg","datePublished":"2022-08-17T19:40:43+00:00","dateModified":"2025-02-19T09:02:53+00:00","description":"Rent a bank-independent safe deposit box. Make a non-binding appointment online & benefit from 24\/7 access to a secure locker.","breadcrumb":{"@id":"https:\/\/tresoramschottentor.at\/en\/rent-a-safe-deposit-box\/#breadcrumb"},"inLanguage":"en-US","potentialAction":[{"@type":"ReadAction","target":["https:\/\/tresoramschottentor.at\/en\/rent-a-safe-deposit-box\/"]}]},{"@type":"ImageObject","inLanguage":"en-US","@id":"https:\/\/tresoramschottentor.at\/en\/rent-a-safe-deposit-box\/#primaryimage","url":"https:\/\/tresoramschottentor.at\/wp-content\/uploads\/2022\/12\/DSC6822-scaled.jpg","contentUrl":"https:\/\/tresoramschottentor.at\/wp-content\/uploads\/2022\/12\/DSC6822-scaled.jpg","width":2560,"height":1707,"caption":"Das sichere Schlie\u00dffach f\u00fcr Ihre Wertgegenst\u00e4nde"},{"@type":"BreadcrumbList","@id":"https:\/\/tresoramschottentor.at\/en\/rent-a-safe-deposit-box\/#breadcrumb","itemListElement":[{"@type":"ListItem","position":1,"name":"Startseite","item":"https:\/\/tresoramschottentor.at\/en\/"},{"@type":"ListItem","position":2,"name":"Rent a Safe Deposit Box"}]},{"@type":"WebSite","@id":"https:\/\/tresoramschottentor.at\/#website","url":"https:\/\/tresoramschottentor.at\/","name":"Schlie\u00dffach mieten 24\/7 Zutritt Tresor am Schottentor Wien","description":"Sicheres Schlie\u00dffach mieten in Wien","publisher":{"@id":"https:\/\/tresoramschottentor.at\/#organization"},"potentialAction":[{"@type":"SearchAction","target":{"@type":"EntryPoint","urlTemplate":"https:\/\/tresoramschottentor.at\/?s={search_term_string}"},"query-input":{"@type":"PropertyValueSpecification","valueRequired":true,"valueName":"search_term_string"}}],"inLanguage":"en-US"},{"@type":"Organization","@id":"https:\/\/tresoramschottentor.at\/#organization","name":"Tresor am Schottentor","alternateName":"24H Safe GmbH","url":"https:\/\/tresoramschottentor.at\/","logo":{"@type":"ImageObject","inLanguage":"en-US","@id":"https:\/\/tresoramschottentor.at\/#\/schema\/logo\/image\/","url":"https:\/\/tresoramschottentor.at\/wp-content\/uploads\/2022\/09\/tresor_am_schottentor_klein.jpg","contentUrl":"https:\/\/tresoramschottentor.at\/wp-content\/uploads\/2022\/09\/tresor_am_schottentor_klein.jpg","width":2338,"height":2338,"caption":"Tresor am Schottentor"},"image":{"@id":"https:\/\/tresoramschottentor.at\/#\/schema\/logo\/image\/"},"sameAs":["https:\/\/www.facebook.com\/tresoramschottentor","https:\/\/www.linkedin.com\/company\/tresor-am-schottentor\/","https:\/\/www.instagram.com\/tresoramschottentor\/"]}]}},"_links":{"self":[{"href":"https:\/\/tresoramschottentor.at\/en\/wp-json\/wp\/v2\/pages\/2874","targetHints":{"allow":["GET"]}}],"collection":[{"href":"https:\/\/tresoramschottentor.at\/en\/wp-json\/wp\/v2\/pages"}],"about":[{"href":"https:\/\/tresoramschottentor.at\/en\/wp-json\/wp\/v2\/types\/page"}],"author":[{"embeddable":true,"href":"https:\/\/tresoramschottentor.at\/en\/wp-json\/wp\/v2\/users\/2"}],"replies":[{"embeddable":true,"href":"https:\/\/tresoramschottentor.at\/en\/wp-json\/wp\/v2\/comments?post=2874"}],"version-history":[{"count":3,"href":"https:\/\/tresoramschottentor.at\/en\/wp-json\/wp\/v2\/pages\/2874\/revisions"}],"predecessor-version":[{"id":5866,"href":"https:\/\/tresoramschottentor.at\/en\/wp-json\/wp\/v2\/pages\/2874\/revisions\/5866"}],"wp:featuredmedia":[{"embeddable":true,"href":"https:\/\/tresoramschottentor.at\/en\/wp-json\/wp\/v2\/media\/3952"}],"wp:attachment":[{"href":"https:\/\/tresoramschottentor.at\/en\/wp-json\/wp\/v2\/media?parent=2874"}],"curies":[{"name":"wp","href":"https:\/\/api.w.org\/{rel}","templated":true}]}}